{"id":2913,"date":"2026-03-22T17:35:05","date_gmt":"2026-03-22T17:35:05","guid":{"rendered":"https:\/\/studiocombo.fr\/?page_id=2913"},"modified":"2026-04-09T19:47:07","modified_gmt":"2026-04-09T19:47:07","slug":"home","status":"publish","type":"page","link":"https:\/\/studiocombo.fr\/","title":{"rendered":"Home"},"content":{"rendered":"\t\t<div data-elementor-type=\"wp-page\" data-elementor-id=\"2913\" class=\"elementor elementor-2913\" data-elementor-post-type=\"page\">\n\t\t\t\t\t\t<section class=\"elementor-section elementor-top-section elementor-element elementor-element-ca8874a elementor-section-boxed elementor-section-height-default elementor-section-height-default\" data-id=\"ca8874a\" data-element_type=\"section\" data-settings=\"{&quot;background_background&quot;:&quot;classic&quot;}\">\n\t\t\t\t\t\t<div class=\"elementor-container elementor-column-gap-default\">\n\t\t\t\t\t<div class=\"elementor-column elementor-col-100 elementor-top-column elementor-element elementor-element-7a736f4\" data-id=\"7a736f4\" data-element_type=\"column\">\n\t\t\t<div class=\"elementor-widget-wrap elementor-element-populated\">\n\t\t\t\t\t\t<div class=\"elementor-element elementor-element-d205552 elementor-widget elementor-widget-text-editor\" data-id=\"d205552\" data-element_type=\"widget\" data-widget_type=\"text-editor.default\">\n\t\t\t\t<div class=\"elementor-widget-container\">\n\t\t\t\t\t\t\t\t\t<div style=\"text-align:center\"><span style=\"background:#6822FF;color:#fff;padding:6px 16px;border-radius:50px;font-size:13px;font-weight:600;letter-spacing:1px;\">\u26a1 AGENCE WEB PME \u2014 ANGERS<\/span><\/div>\t\t\t\t\t\t\t\t<\/div>\n\t\t\t\t<\/div>\n\t\t\t\t<div class=\"elementor-element elementor-element-998b56d elementor-widget elementor-widget-heading\" data-id=\"998b56d\" data-element_type=\"widget\" data-widget_type=\"heading.default\">\n\t\t\t\t<div class=\"elementor-widget-container\">\n\t\t\t\t\t<h1 class=\"elementor-heading-title elementor-size-default\">Visible sur Google.<br>Cit\u00e9 par les IA.<br>Construit pour convertir.<\/h1>\t\t\t\t<\/div>\n\t\t\t\t<\/div>\n\t\t\t\t<div class=\"elementor-element elementor-element-3914a5b elementor-widget elementor-widget-text-editor\" data-id=\"3914a5b\" data-element_type=\"widget\" data-widget_type=\"text-editor.default\">\n\t\t\t\t<div class=\"elementor-widget-container\">\n\t\t\t\t\t\t\t\t\t<p style=\"text-align:center;font-size:20px;color:rgba(255,255,255,0.75);max-width:640px;margin:0 auto;\">On cr\u00e9e des sites qui g\u00e9n\u00e8rent des clients \u2014 pas juste de la pr\u00e9sence en ligne. Pour les PME qui veulent enfin que leur site travaille pour eux.<\/p>\t\t\t\t\t\t\t\t<\/div>\n\t\t\t\t<\/div>\n\t\t\t\t<div class=\"elementor-element elementor-element-5c06bd3 elementor-align-center elementor-button-success elementor-widget elementor-widget-button\" data-id=\"5c06bd3\" data-element_type=\"widget\" data-widget_type=\"button.default\">\n\t\t\t\t<div class=\"elementor-widget-container\">\n\t\t\t\t\t\t\t\t\t<div class=\"elementor-button-wrapper\">\n\t\t\t\t\t<a class=\"elementor-button elementor-button-link elementor-size-lg\" href=\"#contact\">\n\t\t\t\t\t\t<span class=\"elementor-button-content-wrapper\">\n\t\t\t\t\t\t\t\t\t<span class=\"elementor-button-text\">D\u00e9marrer mon projet<\/span>\n\t\t\t\t\t<\/span>\n\t\t\t\t\t<\/a>\n\t\t\t\t<\/div>\n\t\t\t\t\t\t\t\t<\/div>\n\t\t\t\t<\/div>\n\t\t\t\t\t<\/div>\n\t\t<\/div>\n\t\t\t\t<div class=\"elementor-column elementor-col-100 elementor-top-column elementor-element elementor-element-6ad6dea\" data-id=\"6ad6dea\" data-element_type=\"column\">\n\t\t\t<div class=\"elementor-widget-wrap\">\n\t\t\t\t\t\t\t<\/div>\n\t\t<\/div>\n\t\t\t\t\t<\/div>\n\t\t<\/section>\n\t\t\t\t<section class=\"elementor-section elementor-top-section elementor-element elementor-element-9a5b8c1 elementor-section-boxed elementor-section-height-default elementor-section-height-default\" data-id=\"9a5b8c1\" data-element_type=\"section\" data-settings=\"{&quot;background_background&quot;:&quot;classic&quot;}\">\n\t\t\t\t\t\t<div class=\"elementor-container elementor-column-gap-default\">\n\t\t\t\t\t<div class=\"elementor-column elementor-col-100 elementor-top-column elementor-element elementor-element-c3f2a1b\" data-id=\"c3f2a1b\" data-element_type=\"column\">\n\t\t\t<div class=\"elementor-widget-wrap elementor-element-populated\">\n\t\t\t\t\t\t<div class=\"elementor-element elementor-element-7e4d9c2 elementor-widget elementor-widget-text-editor\" data-id=\"7e4d9c2\" data-element_type=\"widget\" data-widget_type=\"text-editor.default\">\n\t\t\t\t<div class=\"elementor-widget-container\">\n\t\t\t\t\t\t\t\t\t<div style=\"text-align:center\"><span style=\"background:#f0f0f0;color:#333;padding:6px 16px;border-radius:50px;font-size:13px;font-weight:600;letter-spacing:1px;\">\ud83c\udf1f OUR SERVICES<\/span><\/div>\t\t\t\t\t\t\t\t<\/div>\n\t\t\t\t<\/div>\n\t\t\t\t<div class=\"elementor-element elementor-element-a8b2f9e elementor-widget elementor-widget-heading\" data-id=\"a8b2f9e\" data-element_type=\"widget\" data-widget_type=\"heading.default\">\n\t\t\t\t<div class=\"elementor-widget-container\">\n\t\t\t\t\t<h2 class=\"elementor-heading-title elementor-size-default\">What We Offer<\/h2>\t\t\t\t<\/div>\n\t\t\t\t<\/div>\n\t\t\t\t\t<\/div>\n\t\t<\/div>\n\t\t\t\t\t<\/div>\n\t\t<\/section>\n\t\t\t\t<section class=\"elementor-section elementor-top-section elementor-element elementor-element-3f8c7a9 elementor-section-boxed elementor-section-height-default elementor-section-height-default\" data-id=\"3f8c7a9\" data-element_type=\"section\" data-settings=\"{&quot;background_background&quot;:&quot;classic&quot;}\">\n\t\t\t\t\t\t<div class=\"elementor-container elementor-column-gap-default\">\n\t\t\t\t\t<div class=\"elementor-column elementor-col-100 elementor-top-column elementor-element elementor-element-2d4e5f1\" data-id=\"2d4e5f1\" data-element_type=\"column\">\n\t\t\t<div class=\"elementor-widget-wrap elementor-element-populated\">\n\t\t\t\t\t\t<div class=\"elementor-element elementor-element-8b9c0d3 elementor-widget elementor-widget-text-editor\" data-id=\"8b9c0d3\" data-element_type=\"widget\" data-widget_type=\"text-editor.default\">\n\t\t\t\t<div class=\"elementor-widget-container\">\n\t\t\t\t\t\t\t\t\t<p>Service 1 description<\/p>\t\t\t\t\t\t\t\t<\/div>\n\t\t\t\t<\/div>\n\t\t\t\t\t<\/div>\n\t\t<\/div>\n\t\t\t\t\t<\/div>\n\t\t<\/section>\n\t\t\t\t<section class=\"elementor-section elementor-top-section elementor-element elementor-element-5g3h9i2 elementor-section-boxed elementor-section-height-default elementor-section-height-default\" data-id=\"5g3h9i2\" data-element_type=\"section\" data-settings=\"{&quot;background_background&quot;:&quot;classic&quot;}\">\n\t\t\t\t\t\t<div class=\"elementor-container elementor-column-gap-default\">\n\t\t\t\t\t<div class=\"elementor-column elementor-col-100 elementor-top-column elementor-element elementor-element-4k5l6m7\" data-id=\"4k5l6m7\" data-element_type=\"column\">\n\t\t\t<div class=\"elementor-widget-wrap elementor-element-populated\">\n\t\t\t\t\t\t<div class=\"elementor-element elementor-element-9n8o7p6 elementor-widget elementor-widget-heading\" data-id=\"9n8o7p6\" data-element_type=\"widget\" data-widget_type=\"heading.default\">\n\t\t\t\t<div class=\"elementor-widget-container\">\n\t\t\t\t\t<h2 class=\"elementor-heading-title elementor-size-default\">Testimonials<\/h2>\t\t\t\t<\/div>\n\t\t\t\t<\/div>\n\t\t\t\t\t<\/div>\n\t\t<\/div>\n\t\t\t\t\t<\/div>\n\t\t<\/section>\n\t\t\t\t<section class=\"elementor-section elementor-top-section elementor-element elementor-element-2q3r4s5 elementor-section-boxed elementor-section-height-default elementor-section-height-default\" data-id=\"2q3r4s5\" data-element_type=\"section\" data-settings=\"{&quot;background_background&quot;:&quot;classic&quot;}\">\n\t\t\t\t\t\t<div class=\"elementor-container elementor-column-gap-default\">\n\t\t\t\t\t<div class=\"elementor-column elementor-col-100 elementor-top-column elementor-element elementor-element-6t7u8v9\" data-id=\"6t7u8v9\" data-element_type=\"column\">\n\t\t\t<div class=\"elementor-widget-wrap elementor-element-populated\">\n\t\t\t\t\t\t<div class=\"elementor-element elementor-element-1w2x3y4 elementor-widget elementor-widget-text-editor\" data-id=\"1w2x3y4\" data-element_type=\"widget\" data-widget_type=\"text-editor.default\">\n\t\t\t\t<div class=\"elementor-widget-container\">\n\t\t\t\t\t\t\t\t\t<p>Client testimonial goes here<\/p>\t\t\t\t\t\t\t\t<\/div>\n\t\t\t\t<\/div>\n\t\t\t\t\t<\/div>\n\t\t<\/div>\n\t\t\t\t\t<\/div>\n\t\t<\/section>\n\t\t\t\t<section class=\"elementor-section elementor-top-section elementor-element elementor-element-5z6a7b8 elementor-section-boxed elementor-section-height-default elementor-section-height-default\" data-id=\"5z6a7b8\" data-element_type=\"section\" data-settings=\"{&quot;background_background&quot;:&quot;classic&quot;}\">\n\t\t\t\t\t\t<div class=\"elementor-container elementor-column-gap-default\">\n\t\t\t\t\t<div class=\"elementor-column elementor-col-100 elementor-top-column elementor-element elementor-element-9c0d1e2\" data-id=\"9c0d1e2\" data-element_type=\"column\">\n\t\t\t<div class=\"elementor-widget-wrap elementor-element-populated\">\n\t\t\t\t\t\t<div class=\"elementor-element elementor-element-3f4g5h6 elementor-widget elementor-widget-heading\" data-id=\"3f4g5h6\" data-element_type=\"widget\" data-widget_type=\"heading.default\">\n\t\t\t\t<div class=\"elementor-widget-container\">\n\t\t\t\t\t<h2 class=\"elementor-heading-title elementor-size-default\">Our Process<\/h2>\t\t\t\t<\/div>\n\t\t\t\t<\/div>\n\t\t\t\t\t<\/div>\n\t\t<\/div>\n\t\t\t\t\t<\/div>\n\t\t<\/section>\n\t\t\t\t<section class=\"elementor-section elementor-top-section elementor-element elementor-element-7i8j9k0 elementor-section-boxed elementor-section-height-default elementor-section-height-default\" data-id=\"7i8j9k0\" data-element_type=\"section\" data-settings=\"{&quot;background_background&quot;:&quot;classic&quot;}\">\n\t\t\t\t\t\t<div class=\"elementor-container elementor-column-gap-default\">\n\t\t\t\t\t<div class=\"elementor-column elementor-col-100 elementor-top-column elementor-element elementor-element-1l2m3n4\" data-id=\"1l2m3n4\" data-element_type=\"column\">\n\t\t\t<div class=\"elementor-widget-wrap elementor-element-populated\">\n\t\t\t\t\t\t<div class=\"elementor-element elementor-element-5o6p7q8 elementor-widget elementor-widget-text-editor\" data-id=\"5o6p7q8\" data-element_type=\"widget\" data-widget_type=\"text-editor.default\">\n\t\t\t\t<div class=\"elementor-widget-container\">\n\t\t\t\t\t\t\t\t\t<p>Process step 1: Discovery<\/p>\t\t\t\t\t\t\t\t<\/div>\n\t\t\t\t<\/div>\n\t\t\t\t\t<\/div>\n\t\t<\/div>\n\t\t\t\t\t<\/div>\n\t\t<\/section>\n\t\t\t\t<section class=\"elementor-section elementor-top-section elementor-element elementor-element-9r0s1t2 elementor-section-boxed elementor-section-height-default elementor-section-height-default\" data-id=\"9r0s1t2\" data-element_type=\"section\" data-settings=\"{&quot;background_background&quot;:&quot;classic&quot;}\">\n\t\t\t\t\t\t<div class=\"elementor-container elementor-column-gap-default\">\n\t\t\t\t\t<div class=\"elementor-column elementor-col-100 elementor-top-column elementor-element elementor-element-3u4v5w6\" data-id=\"3u4v5w6\" data-element_type=\"column\">\n\t\t\t<div class=\"elementor-widget-wrap elementor-element-populated\">\n\t\t\t\t\t\t<div class=\"elementor-element elementor-element-7x8y9z0 elementor-widget elementor-widget-heading\" data-id=\"7x8y9z0\" data-element_type=\"widget\" data-widget_type=\"heading.default\">\n\t\t\t\t<div class=\"elementor-widget-container\">\n\t\t\t\t\t<h2 class=\"elementor-heading-title elementor-size-default\">Pricing<\/h2>\t\t\t\t<\/div>\n\t\t\t\t<\/div>\n\t\t\t\t\t<\/div>\n\t\t<\/div>\n\t\t\t\t\t<\/div>\n\t\t<\/section>\n\t\t\t\t<section class=\"elementor-section elementor-top-section elementor-element elementor-element-1a2b3c4 elementor-section-boxed elementor-section-height-default elementor-section-height-default\" data-id=\"1a2b3c4\" data-element_type=\"section\" data-settings=\"{&quot;background_background&quot;:&quot;classic&quot;}\">\n\t\t\t\t\t\t<div class=\"elementor-container elementor-column-gap-default\">\n\t\t\t\t\t<div class=\"elementor-column elementor-col-100 elementor-top-column elementor-element elementor-element-5d6e7f8\" data-id=\"5d6e7f8\" data-element_type=\"column\">\n\t\t\t<div class=\"elementor-widget-wrap elementor-element-populated\">\n\t\t\t\t\t\t<div class=\"elementor-element elementor-element-9g0h1i2 elementor-widget elementor-widget-text-editor\" data-id=\"9g0h1i2\" data-element_type=\"widget\" data-widget_type=\"text-editor.default\">\n\t\t\t\t<div class=\"elementor-widget-container\">\n\t\t\t\t\t\t\t\t\t<p>Pricing details here<\/p>\t\t\t\t\t\t\t\t<\/div>\n\t\t\t\t<\/div>\n\t\t\t\t\t<\/div>\n\t\t<\/div>\n\t\t\t\t\t<\/div>\n\t\t<\/section>\n\t\t\t\t<section class=\"elementor-section elementor-top-section elementor-element elementor-element-3j4k5l6 elementor-section-boxed elementor-section-height-default elementor-section-height-default\" data-id=\"3j4k5l6\" data-element_type=\"section\" data-settings=\"{&quot;background_background&quot;:&quot;classic&quot;}\">\n\t\t\t\t\t\t<div class=\"elementor-container elementor-column-gap-default\">\n\t\t\t\t\t<div class=\"elementor-column elementor-col-100 elementor-top-column elementor-element elementor-element-7m8n9o0\" data-id=\"7m8n9o0\" data-element_type=\"column\">\n\t\t\t<div class=\"elementor-widget-wrap elementor-element-populated\">\n\t\t\t\t\t\t<div class=\"elementor-element elementor-element-1p2q3r4 elementor-widget elementor-widget-heading\" data-id=\"1p2q3r4\" data-element_type=\"widget\" data-widget_type=\"heading.default\">\n\t\t\t\t<div class=\"elementor-widget-container\">\n\t\t\t\t\t<h2 class=\"elementor-heading-title elementor-size-default\">Ready to Get Started?<\/h2>\t\t\t\t<\/div>\n\t\t\t\t<\/div>\n\t\t\t\t\t<\/div>\n\t\t<\/div>\n\t\t\t\t\t<\/div>\n\t\t<\/section>\n\t\t\t\t<\/div>\n\t\t","protected":false},"excerpt":{"rendered":"<p>Studio cr\u00e9atif &#8211; Angers Trouvez plus de clients. Gagnez en visibilit\u00e9 locale. Combo accompagne les PME pour appara\u00eetre l\u00e0 o\u00f9 [&hellip;]<\/p>\n","protected":false},"author":1,"featured_media":0,"parent":0,"menu_order":0,"comment_status":"closed","ping_status":"closed","template":"elementor_header_footer","meta":{"site-sidebar-layout":"no-sidebar","site-content-layout":"","ast-site-content-layout":"full-width-container","site-content-style":"default","site-sidebar-style":"default","ast-global-header-display":"","ast-banner-title-visibility":"","ast-main-header-display":"","ast-hfb-above-header-display":"","ast-hfb-below-header-display":"","ast-hfb-mobile-header-display":"","site-post-title":"","ast-breadcrumbs-content":"","ast-featured-img":"disabled","footer-sml-layout":"","ast-disable-related-posts":"","theme-transparent-header-meta":"","adv-header-id-meta":"","stick-header-meta":"","header-above-stick-meta":"","header-main-stick-meta":"","header-below-stick-meta":"","astra-migrate-meta-layouts":"default","ast-page-background-enabled":"default","ast-page-background-meta":{"desktop":{"background-color":"var(--ast-global-color-5)","background-image":"","background-repeat":"repeat","background-position":"center center","background-size":"auto","background-attachment":"scroll","background-type":"","background-media":"","overlay-type":"","overlay-color":"","overlay-opacity":"","overlay-gradient":""},"tablet":{"background-color":"","background-image":"","background-repeat":"repeat","background-position":"center center","background-size":"auto","background-attachment":"scroll","background-type":"","background-media":"","overlay-type":"","overlay-color":"","overlay-opacity":"","overlay-gradient":""},"mobile":{"background-color":"","background-image":"","background-repeat":"repeat","background-position":"center center","background-size":"auto","background-attachment":"scroll","background-type":"","background-media":"","overlay-type":"","overlay-color":"","overlay-opacity":"","overlay-gradient":""}},"ast-content-background-meta":{"desktop":{"background-color":"var(--ast-global-color-4)","background-image":"","background-repeat":"repeat","background-position":"center center","background-size":"auto","background-attachment":"scroll","background-type":"","background-media":"","overlay-type":"","overlay-color":"","overlay-opacity":"","overlay-gradient":""},"tablet":{"background-color":"var(--ast-global-color-4)","background-image":"","background-repeat":"repeat","background-position":"center center","background-size":"auto","background-attachment":"scroll","background-type":"","background-media":"","overlay-type":"","overlay-color":"","overlay-opacity":"","overlay-gradient":""},"mobile":{"background-color":"var(--ast-global-color-4)","background-image":"","background-repeat":"repeat","background-position":"center center","background-size":"auto","background-attachment":"scroll","background-type":"","background-media":"","overlay-type":"","overlay-color":"","overlay-opacity":"","overlay-gradient":""}},"footnotes":""},"class_list":["post-2913","page","type-page","status-publish","hentry"],"yoast_head":"<!-- This site is optimized with the Yoast SEO plugin v26.6 - https:\/\/yoast.com\/wordpress\/plugins\/seo\/ -->\n<title>Home - Combo<\/title>\n<meta name=\"robots\" content=\"index, follow, max-snippet:-1, max-image-preview:large, max-video-preview:-1\" \/>\n<link rel=\"canonical\" href=\"https:\/\/studiocombo.fr\/\" \/>\n<meta property=\"og:locale\" content=\"fr_FR\" \/>\n<meta property=\"og:type\" content=\"article\" \/>\n<meta property=\"og:title\" content=\"Home - Combo\" \/>\n<meta property=\"og:description\" content=\"Studio cr\u00e9atif &#8211; Angers Trouvez plus de clients. Gagnez en visibilit\u00e9 locale. Combo accompagne les PME pour appara\u00eetre l\u00e0 o\u00f9 [&hellip;]\" \/>\n<meta property=\"og:url\" content=\"https:\/\/studiocombo.fr\/\" \/>\n<meta property=\"og:site_name\" content=\"Combo\" \/>\n<meta property=\"article:modified_time\" content=\"2026-04-09T19:47:07+00:00\" \/>\n<meta name=\"twitter:card\" content=\"summary_large_image\" \/>\n<meta name=\"twitter:label1\" content=\"Dur\u00e9e de lecture estim\u00e9e\" \/>\n\t<meta name=\"twitter:data1\" content=\"21 minutes\" \/>\n<script type=\"application\/ld+json\" class=\"yoast-schema-graph\">{\"@context\":\"https:\/\/schema.org\",\"@graph\":[{\"@type\":\"WebPage\",\"@id\":\"https:\/\/studiocombo.fr\/\",\"url\":\"https:\/\/studiocombo.fr\/\",\"name\":\"Home - Combo\",\"isPartOf\":{\"@id\":\"https:\/\/studiocombo.fr\/#website\"},\"primaryImageOfPage\":{\"@id\":\"https:\/\/studiocombo.fr\/#primaryimage\"},\"image\":{\"@id\":\"https:\/\/studiocombo.fr\/#primaryimage\"},\"thumbnailUrl\":\"https:\/\/studiocombo.fr\/wp-content\/uploads\/2026\/03\/Asterisk-1-1.svg\",\"datePublished\":\"2026-03-22T17:35:05+00:00\",\"dateModified\":\"2026-04-09T19:47:07+00:00\",\"breadcrumb\":{\"@id\":\"https:\/\/studiocombo.fr\/#breadcrumb\"},\"inLanguage\":\"fr-FR\",\"potentialAction\":[{\"@type\":\"ReadAction\",\"target\":[\"https:\/\/studiocombo.fr\/\"]}]},{\"@type\":\"ImageObject\",\"inLanguage\":\"fr-FR\",\"@id\":\"https:\/\/studiocombo.fr\/#primaryimage\",\"url\":\"https:\/\/studiocombo.fr\/wp-content\/uploads\/2026\/03\/Asterisk-1-1.svg\",\"contentUrl\":\"https:\/\/studiocombo.fr\/wp-content\/uploads\/2026\/03\/Asterisk-1-1.svg\",\"width\":12,\"height\":12},{\"@type\":\"BreadcrumbList\",\"@id\":\"https:\/\/studiocombo.fr\/#breadcrumb\",\"itemListElement\":[{\"@type\":\"ListItem\",\"position\":1,\"name\":\"Accueil\",\"item\":\"https:\/\/studiocombo.fr\/\"},{\"@type\":\"ListItem\",\"position\":2,\"name\":\"Home\"}]},{\"@type\":\"WebSite\",\"@id\":\"https:\/\/studiocombo.fr\/#website\",\"url\":\"https:\/\/studiocombo.fr\/\",\"name\":\"Combo\",\"description\":\"\",\"publisher\":{\"@id\":\"https:\/\/studiocombo.fr\/#organization\"},\"potentialAction\":[{\"@type\":\"SearchAction\",\"target\":{\"@type\":\"EntryPoint\",\"urlTemplate\":\"https:\/\/studiocombo.fr\/?s={search_term_string}\"},\"query-input\":{\"@type\":\"PropertyValueSpecification\",\"valueRequired\":true,\"valueName\":\"search_term_string\"}}],\"inLanguage\":\"fr-FR\"},{\"@type\":\"Organization\",\"@id\":\"https:\/\/studiocombo.fr\/#organization\",\"name\":\"Combo\",\"url\":\"https:\/\/studiocombo.fr\/\",\"logo\":{\"@type\":\"ImageObject\",\"inLanguage\":\"fr-FR\",\"@id\":\"https:\/\/studiocombo.fr\/#\/schema\/logo\/image\/\",\"url\":\"https:\/\/studiocombo.fr\/wp-content\/uploads\/2025\/12\/Calque-24.png\",\"contentUrl\":\"https:\/\/studiocombo.fr\/wp-content\/uploads\/2025\/12\/Calque-24.png\",\"width\":797,\"height\":164,\"caption\":\"Combo\"},\"image\":{\"@id\":\"https:\/\/studiocombo.fr\/#\/schema\/logo\/image\/\"}}]}<\/script>\n<!-- \/ Yoast SEO plugin. -->","yoast_head_json":{"title":"Home - Combo","robots":{"index":"index","follow":"follow","max-snippet":"max-snippet:-1","max-image-preview":"max-image-preview:large","max-video-preview":"max-video-preview:-1"},"canonical":"https:\/\/studiocombo.fr\/","og_locale":"fr_FR","og_type":"article","og_title":"Home - Combo","og_description":"Studio cr\u00e9atif &#8211; Angers Trouvez plus de clients. Gagnez en visibilit\u00e9 locale. Combo accompagne les PME pour appara\u00eetre l\u00e0 o\u00f9 [&hellip;]","og_url":"https:\/\/studiocombo.fr\/","og_site_name":"Combo","article_modified_time":"2026-04-09T19:47:07+00:00","twitter_card":"summary_large_image","twitter_misc":{"Dur\u00e9e de lecture estim\u00e9e":"21 minutes"},"schema":{"@context":"https:\/\/schema.org","@graph":[{"@type":"WebPage","@id":"https:\/\/studiocombo.fr\/","url":"https:\/\/studiocombo.fr\/","name":"Home - Combo","isPartOf":{"@id":"https:\/\/studiocombo.fr\/#website"},"primaryImageOfPage":{"@id":"https:\/\/studiocombo.fr\/#primaryimage"},"image":{"@id":"https:\/\/studiocombo.fr\/#primaryimage"},"thumbnailUrl":"https:\/\/studiocombo.fr\/wp-content\/uploads\/2026\/03\/Asterisk-1-1.svg","datePublished":"2026-03-22T17:35:05+00:00","dateModified":"2026-04-09T19:47:07+00:00","breadcrumb":{"@id":"https:\/\/studiocombo.fr\/#breadcrumb"},"inLanguage":"fr-FR","potentialAction":[{"@type":"ReadAction","target":["https:\/\/studiocombo.fr\/"]}]},{"@type":"ImageObject","inLanguage":"fr-FR","@id":"https:\/\/studiocombo.fr\/#primaryimage","url":"https:\/\/studiocombo.fr\/wp-content\/uploads\/2026\/03\/Asterisk-1-1.svg","contentUrl":"https:\/\/studiocombo.fr\/wp-content\/uploads\/2026\/03\/Asterisk-1-1.svg","width":12,"height":12},{"@type":"BreadcrumbList","@id":"https:\/\/studiocombo.fr\/#breadcrumb","itemListElement":[{"@type":"ListItem","position":1,"name":"Accueil","item":"https:\/\/studiocombo.fr\/"},{"@type":"ListItem","position":2,"name":"Home"}]},{"@type":"WebSite","@id":"https:\/\/studiocombo.fr\/#website","url":"https:\/\/studiocombo.fr\/","name":"Combo","description":"","publisher":{"@id":"https:\/\/studiocombo.fr\/#organization"},"potentialAction":[{"@type":"SearchAction","target":{"@type":"EntryPoint","urlTemplate":"https:\/\/studiocombo.fr\/?s={search_term_string}"},"query-input":{"@type":"PropertyValueSpecification","valueRequired":true,"valueName":"search_term_string"}}],"inLanguage":"fr-FR"},{"@type":"Organization","@id":"https:\/\/studiocombo.fr\/#organization","name":"Combo","url":"https:\/\/studiocombo.fr\/","logo":{"@type":"ImageObject","inLanguage":"fr-FR","@id":"https:\/\/studiocombo.fr\/#\/schema\/logo\/image\/","url":"https:\/\/studiocombo.fr\/wp-content\/uploads\/2025\/12\/Calque-24.png","contentUrl":"https:\/\/studiocombo.fr\/wp-content\/uploads\/2025\/12\/Calque-24.png","width":797,"height":164,"caption":"Combo"},"image":{"@id":"https:\/\/studiocombo.fr\/#\/schema\/logo\/image\/"}}]}},"_links":{"self":[{"href":"https:\/\/studiocombo.fr\/index.php\/wp-json\/wp\/v2\/pages\/2913","targetHints":{"allow":["GET"]}}],"collection":[{"href":"https:\/\/studiocombo.fr\/index.php\/wp-json\/wp\/v2\/pages"}],"about":[{"href":"https:\/\/studiocombo.fr\/index.php\/wp-json\/wp\/v2\/types\/page"}],"author":[{"embeddable":true,"href":"https:\/\/studiocombo.fr\/index.php\/wp-json\/wp\/v2\/users\/1"}],"replies":[{"embeddable":true,"href":"https:\/\/studiocombo.fr\/index.php\/wp-json\/wp\/v2\/comments?post=2913"}],"version-history":[{"count":208,"href":"https:\/\/studiocombo.fr\/index.php\/wp-json\/wp\/v2\/pages\/2913\/revisions"}],"predecessor-version":[{"id":3206,"href":"https:\/\/studiocombo.fr\/index.php\/wp-json\/wp\/v2\/pages\/2913\/revisions\/3206"}],"wp:attachment":[{"href":"https:\/\/studiocombo.fr\/index.php\/wp-json\/wp\/v2\/media?parent=2913"}],"curies":[{"name":"wp","href":"https:\/\/api.w.org\/{rel}","templated":true}]}}